{"id":21,"date":"2014-03-14T17:38:36","date_gmt":"2014-03-14T17:38:36","guid":{"rendered":"http:\/\/www.mlynsenov.eu\/?page_id=21"},"modified":"2017-05-03T10:00:58","modified_gmt":"2017-05-03T10:00:58","slug":"mlyn-senov-a-s","status":"publish","type":"page","link":"https:\/\/www.mlynsenov.eu\/","title":{"rendered":"Ml\u00fdn \u0160enov a.s."},"content":{"rendered":"<p><img loading=\"lazy\" decoding=\"async\" class=\"alignnone size-full wp-image-5\" alt=\"mlyn_01\" src=\"http:\/\/www.mlynsenov.eu\/wp-content\/uploads\/2014\/03\/mlyn_01.jpg\" width=\"1200\" height=\"357\" \/><\/p>\n<p>Spole\u010dnost Ml\u00fdn \u0160enov byla zalo\u017eena 23. \u010dervence 2012 a s\u00eddl\u00ed v pr\u016fmyslov\u00e9m are\u00e1lu v&nbsp;\u0160enov\u011b na adrese \u0160enov, T\u011b\u0161\u00ednsk\u00e1&nbsp;1508,\u00a0PS\u010c&nbsp;739&nbsp;34. Podnik\u00e1 v are\u00e1lu Ml\u00fdn \u0160enov v\u00a0pr\u016fmyslov\u00e9 z\u00f3n\u011b m\u011bsta \u0160enov u Ostravy, kde realizuje sv\u00e9 podnikatelsk\u00e9 z\u00e1m\u011bry pro znovuo\u017eiven\u00ed are\u00e1lu.<br \/>\nSpole\u010dnost se zab\u00fdv\u00e1\u00a0 pron\u00e1jmem sila, pron\u00e1jmem skladovac\u00edch a nebytov\u00fdch prostor (podrobn\u011bji viz slu\u017eby).<\/p>\n","protected":false},"excerpt":{"rendered":"<p>Spole\u010dnost Ml\u00fdn \u0160enov byla zalo\u017eena 23. \u010dervence 2012 a s\u00eddl\u00ed v pr\u016fmyslov\u00e9m are\u00e1lu v&nbsp;\u0160enov\u011b na adrese \u0160enov, T\u011b\u0161\u00ednsk\u00e1&nbsp;1508,\u00a0PS\u010c&nbsp;739&nbsp;34. Podnik\u00e1 v are\u00e1lu Ml\u00fdn \u0160enov v\u00a0pr\u016fmyslov\u00e9 z\u00f3n\u011b m\u011bsta \u0160enov u Ostravy, kde realizuje sv\u00e9 podnikatelsk\u00e9 z\u00e1m\u011bry pro znovuo\u017eiven\u00ed are\u00e1lu. Spole\u010dnost se zab\u00fdv\u00e1\u00a0 pron\u00e1jmem sila, pron\u00e1jmem skladovac\u00edch a nebytov\u00fdch prostor (podrobn\u011bji viz slu\u017eby).<\/p>\n","protected":false},"author":1,"featured_media":0,"parent":0,"menu_order":1,"comment_status":"closed","ping_status":"closed","template":"","meta":{"footnotes":""},"class_list":["post-21","page","type-page","status-publish","hentry"],"_links":{"self":[{"href":"https:\/\/www.mlynsenov.eu\/index.php?rest_route=\/wp\/v2\/pages\/21","targetHints":{"allow":["GET"]}}],"collection":[{"href":"https:\/\/www.mlynsenov.eu\/index.php?rest_route=\/wp\/v2\/pages"}],"about":[{"href":"https:\/\/www.mlynsenov.eu\/index.php?rest_route=\/wp\/v2\/types\/page"}],"author":[{"embeddable":true,"href":"https:\/\/www.mlynsenov.eu\/index.php?rest_route=\/wp\/v2\/users\/1"}],"replies":[{"embeddable":true,"href":"https:\/\/www.mlynsenov.eu\/index.php?rest_route=%2Fwp%2Fv2%2Fcomments&post=21"}],"version-history":[{"count":13,"href":"https:\/\/www.mlynsenov.eu\/index.php?rest_route=\/wp\/v2\/pages\/21\/revisions"}],"predecessor-version":[{"id":320,"href":"https:\/\/www.mlynsenov.eu\/index.php?rest_route=\/wp\/v2\/pages\/21\/revisions\/320"}],"wp:attachment":[{"href":"https:\/\/www.mlynsenov.eu\/index.php?rest_route=%2Fwp%2Fv2%2Fmedia&parent=21"}],"curies":[{"name":"wp","href":"https:\/\/api.w.org\/{rel}","templated":true}]}}