{"id":183,"date":"2014-03-14T23:27:25","date_gmt":"2014-03-14T23:27:25","guid":{"rendered":"http:\/\/www.mlynsenov.eu\/?page_id=183"},"modified":"2026-02-05T08:12:26","modified_gmt":"2026-02-05T08:12:26","slug":"kontakt","status":"publish","type":"page","link":"https:\/\/www.mlynsenov.eu\/?page_id=183","title":{"rendered":"Kontakt"},"content":{"rendered":"<p><strong>Ml\u00fdn \u0160enov a.s<\/strong>.<br \/>\nT\u011b\u0161\u00ednsk\u00e1 1508, 739 34 \u0160enov<br \/>\nI\u010c: 29449278<br \/>\nDI\u010c: CZ29449278<br \/>\n<a href=\"mailto:mlynsenov@mlynsenov.eu\">mlynsenov@mlynsenov.eu<\/a><\/p>\n<p>Jakub Lipowczan \u2013 vedouc\u00ed obiln\u00e9ho sila<br \/>\nTel.: +420 737 514 839<br \/>\n<a href=\"mailto:silo@mlynsenov.eu\">silo@mlynsenov.eu<\/a><\/p>\n<p>Libor Gellrich \u2013 spr\u00e1vce are\u00e1lu<br \/>\nTel.: +420 778 094 409<br \/>\n<a href=\"mailto:spravce@mlynsenov.eu\">spravce@mlynsenov.eu<\/a><\/p>\n<p>Prodejna krmiv Foxhillagro s.r.o.<br \/>\n+420 724 168 997<\/p>\n<p><a title=\"mapy.cz\" href=\"https:\/\/mapy.com\/s\/repoguvosa\" target=\"_blank\" rel=\"noopener\">Mapa<\/a><\/p>\n","protected":false},"excerpt":{"rendered":"<p>Ml\u00fdn \u0160enov a.s. T\u011b\u0161\u00ednsk\u00e1 1508, 739 34 \u0160enov I\u010c: 29449278 DI\u010c: CZ29449278 mlynsenov@mlynsenov.eu Jakub Lipowczan \u2013 vedouc\u00ed obiln\u00e9ho sila Tel.: +420 737 514 839 silo@mlynsenov.eu Libor Gellrich \u2013 spr\u00e1vce are\u00e1lu Tel.: +420 778 094 409 spravce@mlynsenov.eu Prodejna krmiv Foxhillagro s.r.o. +420 724 168 997 Mapa<\/p>\n","protected":false},"author":1,"featured_media":0,"parent":0,"menu_order":6,"comment_status":"closed","ping_status":"closed","template":"page-templates\/full-width.php","meta":{"footnotes":""},"class_list":["post-183","page","type-page","status-publish","hentry"],"_links":{"self":[{"href":"https:\/\/www.mlynsenov.eu\/index.php?rest_route=\/wp\/v2\/pages\/183","targetHints":{"allow":["GET"]}}],"collection":[{"href":"https:\/\/www.mlynsenov.eu\/index.php?rest_route=\/wp\/v2\/pages"}],"about":[{"href":"https:\/\/www.mlynsenov.eu\/index.php?rest_route=\/wp\/v2\/types\/page"}],"author":[{"embeddable":true,"href":"https:\/\/www.mlynsenov.eu\/index.php?rest_route=\/wp\/v2\/users\/1"}],"replies":[{"embeddable":true,"href":"https:\/\/www.mlynsenov.eu\/index.php?rest_route=%2Fwp%2Fv2%2Fcomments&post=183"}],"version-history":[{"count":25,"href":"https:\/\/www.mlynsenov.eu\/index.php?rest_route=\/wp\/v2\/pages\/183\/revisions"}],"predecessor-version":[{"id":367,"href":"https:\/\/www.mlynsenov.eu\/index.php?rest_route=\/wp\/v2\/pages\/183\/revisions\/367"}],"wp:attachment":[{"href":"https:\/\/www.mlynsenov.eu\/index.php?rest_route=%2Fwp%2Fv2%2Fmedia&parent=183"}],"curies":[{"name":"wp","href":"https:\/\/api.w.org\/{rel}","templated":true}]}}