{"id":158,"date":"2014-03-14T22:55:21","date_gmt":"2014-03-14T22:55:21","guid":{"rendered":"http:\/\/www.mlynsenov.eu\/?page_id=158"},"modified":"2026-02-05T08:17:57","modified_gmt":"2026-02-05T08:17:57","slug":"ostatni-sluzby","status":"publish","type":"page","link":"https:\/\/www.mlynsenov.eu\/?page_id=158","title":{"rendered":"Ostatn\u00ed slu\u017eby"},"content":{"rendered":"<p><img loading=\"lazy\" decoding=\"async\" class=\"alignnone size-full wp-image-5\" src=\"http:\/\/www.mlynsenov.eu\/wp-content\/uploads\/2014\/03\/mlyn_01.jpg\" alt=\"mlyn_01\" width=\"1200\" height=\"357\" \/><\/p>\n<h1>PRON\u00c1JEM NEBYTOV\u00ddCH PROSTOR<\/h1>\n<p>Are\u00e1l Ml\u00fdnu \u0160enov se nach\u00e1z\u00ed na\u00a0\u00fazem\u00ed obce \u0160enov u\u00a0hlavn\u00ed komunikace mezi Ostravou a Hav\u00ed\u0159ovem. Are\u00e1l m\u00e1 strategickou polohu, jeliko\u017e se nach\u00e1z\u00ed v\u00a0bl\u00edzkosti hranic s\u00a0Polskou a Slovenskou republikou.<\/p>\n<p><strong>Pronaj\u00edman\u00e9 prostory:<\/strong><br \/>\nKancel\u00e1\u0159sk\u00e9 prostory od 18 do 50 m\u00b2 celkem\u00a0 2500\u00a0m\u00b2<br \/>\nSkladovac\u00ed prostory od 25 do 1800\u00a0m\u00b2\u00a0celkem 6780\u00a0m\u00b2<br \/>\nZpevn\u011bn\u00e1 plocha celkem 39\u00a0700\u00a0m\u00b2<\/p>\n<p>Kontakt: Libor Gellrich<\/p>\n<p>+420 778 094 409<br \/>\n<a href=\"mailto:spravce@mlynsenov.eu\">spravce@mlynsenov.eu<\/a><\/p>\n<h1>SKLADOV\u00c1N\u00cd SYPK\u00ddCH ZEM\u011aD\u011aLSK\u00ddCH KOMODIT<\/h1>\n<p>Nab\u00edz\u00edme skladov\u00e1n\u00ed a s\u00a0t\u00edm spojen\u00e9 o\u0161et\u0159en\u00ed sypk\u00fdch zem\u011bd\u011blsk\u00fdch komodit (p\u0161enice, \u017eito, je\u010dmen, oves, Tritikale) v\u00a0\u017eelezobetonov\u00e9m sile o\u00a0celkov\u00e9 kapacit\u011b 50\u00a0000\u00a0tun. Je zaji\u0161t\u011bn\u00e1 ve\u0161ker\u00e1 logistika spojen\u00e1 s\u00a0touto \u010dinnost\u00ed.<\/p>\n<p>Kontakt:\u00a0 Jakub Lipowczan &#8211; vedouc\u00ed obiln\u00e9ho sila<br \/>\n+420 737 514 839<br \/>\n<a href=\"mailto:silo@mlynsenov.eu\">silo@mlynsenov.eu<\/a><\/p>\n<h1>V\u00e1\u017een\u00ed vozidel<\/h1>\n<p>Mo\u017enost v\u00e1\u017een\u00ed vozidel na elektromechanick\u00e9 v\u00e1ze s\u00a0neautomatickou \u010dinnost\u00ed s\u00a0t\u0159\u00eddou p\u0159esnosti\u00a0III. Digit\u00e1ln\u00ed zobrazova\u010d DI-80SS, max = 60.000\u00a0kg min= 400\u00a0kg e=d= 20\u00a0kg<br \/>\nPotvrzen\u00ed o ov\u011b\u0159en\u00ed stanoven\u00e9ho m\u011b\u0159idla.<br \/>\ntel.: +420 778 094 409 &#8211; obsluha v\u00e1hy<\/p>\n","protected":false},"excerpt":{"rendered":"<p>PRON\u00c1JEM NEBYTOV\u00ddCH PROSTOR Are\u00e1l Ml\u00fdnu \u0160enov se nach\u00e1z\u00ed na\u00a0\u00fazem\u00ed obce \u0160enov u\u00a0hlavn\u00ed komunikace mezi Ostravou a Hav\u00ed\u0159ovem. Are\u00e1l m\u00e1 strategickou polohu, jeliko\u017e se nach\u00e1z\u00ed v\u00a0bl\u00edzkosti hranic s\u00a0Polskou a Slovenskou republikou. Pronaj\u00edman\u00e9 prostory: Kancel\u00e1\u0159sk\u00e9 prostory od 18 do 50 m\u00b2 celkem\u00a0 2500\u00a0m\u00b2 Skladovac\u00ed prostory od 25 do 1800\u00a0m\u00b2\u00a0celkem 6780\u00a0m\u00b2 Zpevn\u011bn\u00e1 plocha celkem 39\u00a0700\u00a0m\u00b2 Kontakt: Libor Gellrich [&hellip;]<\/p>\n","protected":false},"author":1,"featured_media":0,"parent":0,"menu_order":4,"comment_status":"closed","ping_status":"closed","template":"page-templates\/full-width.php","meta":{"footnotes":""},"class_list":["post-158","page","type-page","status-publish","hentry"],"_links":{"self":[{"href":"https:\/\/www.mlynsenov.eu\/index.php?rest_route=\/wp\/v2\/pages\/158","targetHints":{"allow":["GET"]}}],"collection":[{"href":"https:\/\/www.mlynsenov.eu\/index.php?rest_route=\/wp\/v2\/pages"}],"about":[{"href":"https:\/\/www.mlynsenov.eu\/index.php?rest_route=\/wp\/v2\/types\/page"}],"author":[{"embeddable":true,"href":"https:\/\/www.mlynsenov.eu\/index.php?rest_route=\/wp\/v2\/users\/1"}],"replies":[{"embeddable":true,"href":"https:\/\/www.mlynsenov.eu\/index.php?rest_route=%2Fwp%2Fv2%2Fcomments&post=158"}],"version-history":[{"count":31,"href":"https:\/\/www.mlynsenov.eu\/index.php?rest_route=\/wp\/v2\/pages\/158\/revisions"}],"predecessor-version":[{"id":370,"href":"https:\/\/www.mlynsenov.eu\/index.php?rest_route=\/wp\/v2\/pages\/158\/revisions\/370"}],"wp:attachment":[{"href":"https:\/\/www.mlynsenov.eu\/index.php?rest_route=%2Fwp%2Fv2%2Fmedia&parent=158"}],"curies":[{"name":"wp","href":"https:\/\/api.w.org\/{rel}","templated":true}]}}