{"id":141,"date":"2014-03-14T22:14:47","date_gmt":"2014-03-14T22:14:47","guid":{"rendered":"http:\/\/www.mlynsenov.eu\/?page_id=141"},"modified":"2023-06-29T08:19:32","modified_gmt":"2023-06-29T08:19:32","slug":"areal-mlyn-senov","status":"publish","type":"page","link":"https:\/\/www.mlynsenov.eu\/?page_id=141","title":{"rendered":"Are\u00e1l Ml\u00fdn \u0160enov"},"content":{"rendered":"<p><img loading=\"lazy\" decoding=\"async\" class=\"alignnone size-full wp-image-5\" src=\"http:\/\/www.mlynsenov.eu\/wp-content\/uploads\/2014\/03\/mlyn_01.jpg\" alt=\"mlyn_01\" width=\"1200\" height=\"357\" \/><\/p>\n<p>Are\u00e1l Ml\u00fdn \u0160enov se nach\u00e1z\u00ed v okrajov\u00e9 \u010d\u00e1sti obce \u0160enov u Ostravy u hlavn\u00ed komunikace Hav\u00ed\u0159ov \u2013 Ostrava na ul. T\u011b\u0161\u00ednsk\u00e1. Are\u00e1l m\u00e1 vynikaj\u00edc\u00ed dopravn\u00ed spojen\u00ed osobn\u00ed i hromadnou dopravou (vzd\u00e1lenost z\u00e1stavky cca 300 m). Snadn\u00e1 je i dosa\u017eitelnost pro n\u00e1kladn\u00ed dopravu \u2013 z Rudn\u00e9 ulice, kter\u00e1 je \u010dty\u0159proudou silnic\u00ed I. t\u0159\u00eddy spojuj\u00edc\u00ed m\u011bsto Hav\u00ed\u0159ov s Ostravou s napojen\u00edm na d\u00e1lnici D1.<\/p>\n<p>Cel\u00fd are\u00e1l se rozkl\u00e1d\u00e1 na plo\u0161e 40 000 m<sup>2<\/sup> a je slo\u017een z\u00a0dvan\u00e1cti provozn\u00edch objekt\u016f.<br \/>\nAdministrativn\u00ed budova (objekt 08), kter\u00e1 je propojena spojovac\u00edm mostem s \u00a0v\u00fdrobn\u00edm monoblokem<br \/>\nVr\u00e1tnice s\u00a0oboustrann\u00fdmi v\u00e1hami (objekt 09)<br \/>\nObiln\u00ed silo \u2013 technologie p\u0159\u00edjmu (objekt 01)<br \/>\nObiln\u00e1 sila (objekt 02)<br \/>\nTrafostanice (objekt 17)<\/p>\n<p><em><code><a title=\"Popis jednotliv\u00fdch objekt\u016f\" href=\"http:\/\/www.mlynsenov.eu\/?page_id=146\">Podrobn\u00fd popis jednotliv\u00fdch objekt\u016f<\/a><\/code><\/em><\/p>\n","protected":false},"excerpt":{"rendered":"<p>Are\u00e1l Ml\u00fdn \u0160enov se nach\u00e1z\u00ed v okrajov\u00e9 \u010d\u00e1sti obce \u0160enov u Ostravy u hlavn\u00ed komunikace Hav\u00ed\u0159ov \u2013 Ostrava na ul. T\u011b\u0161\u00ednsk\u00e1. Are\u00e1l m\u00e1 vynikaj\u00edc\u00ed dopravn\u00ed spojen\u00ed osobn\u00ed i hromadnou dopravou (vzd\u00e1lenost z\u00e1stavky cca 300 m). Snadn\u00e1 je i dosa\u017eitelnost pro n\u00e1kladn\u00ed dopravu \u2013 z Rudn\u00e9 ulice, kter\u00e1 je \u010dty\u0159proudou silnic\u00ed I. t\u0159\u00eddy spojuj\u00edc\u00ed m\u011bsto Hav\u00ed\u0159ov [&hellip;]<\/p>\n","protected":false},"author":1,"featured_media":0,"parent":0,"menu_order":2,"comment_status":"closed","ping_status":"closed","template":"page-templates\/full-width.php","meta":{"footnotes":""},"class_list":["post-141","page","type-page","status-publish","hentry"],"_links":{"self":[{"href":"https:\/\/www.mlynsenov.eu\/index.php?rest_route=\/wp\/v2\/pages\/141","targetHints":{"allow":["GET"]}}],"collection":[{"href":"https:\/\/www.mlynsenov.eu\/index.php?rest_route=\/wp\/v2\/pages"}],"about":[{"href":"https:\/\/www.mlynsenov.eu\/index.php?rest_route=\/wp\/v2\/types\/page"}],"author":[{"embeddable":true,"href":"https:\/\/www.mlynsenov.eu\/index.php?rest_route=\/wp\/v2\/users\/1"}],"replies":[{"embeddable":true,"href":"https:\/\/www.mlynsenov.eu\/index.php?rest_route=%2Fwp%2Fv2%2Fcomments&post=141"}],"version-history":[{"count":6,"href":"https:\/\/www.mlynsenov.eu\/index.php?rest_route=\/wp\/v2\/pages\/141\/revisions"}],"predecessor-version":[{"id":330,"href":"https:\/\/www.mlynsenov.eu\/index.php?rest_route=\/wp\/v2\/pages\/141\/revisions\/330"}],"wp:attachment":[{"href":"https:\/\/www.mlynsenov.eu\/index.php?rest_route=%2Fwp%2Fv2%2Fmedia&parent=141"}],"curies":[{"name":"wp","href":"https:\/\/api.w.org\/{rel}","templated":true}]}}